{"id":1100,"date":"2024-12-22T18:10:12","date_gmt":"2024-12-22T17:10:12","guid":{"rendered":"https:\/\/www.serrurier-orleans-loiret.com\/?page_id=1100"},"modified":"2024-12-22T18:39:51","modified_gmt":"2024-12-22T17:39:51","slug":"mentions-legales","status":"publish","type":"page","link":"https:\/\/www.serrurier-orleans-loiret.com\/index.php\/mentions-legales\/","title":{"rendered":"Mentions l\u00e9gales"},"content":{"rendered":"\n<p>En vigueur au 05\/07\/2024<\/p>\n\n\n\n<p>Conform\u00e9ment aux dispositions des Articles 6-III et 19 de la Loi n\u00b02004-575 du 21 juin 2004 pour la Confiance dans l\u2019\u00e9conomie num\u00e9rique, dite L.C.E.N., il est port\u00e9 \u00e0 la connaissance des utilisateurs et visiteurs, ci-apr\u00e8s l\u00a0\u00bb\u00a0<strong>Utilisateur<\/strong>\u00ab\u00a0, du site serrurier-orleans-loiret.com , ci-apr\u00e8s le \u00ab\u00a0<strong>Site<\/strong>\u00ab\u00a0, les pr\u00e9sentes mentions l\u00e9gales.<\/p>\n\n\n\n<p>La connexion et la navigation sur le Site par l\u2019Utilisateur implique acceptation int\u00e9grale et sans r\u00e9serve des pr\u00e9sentes mentions l\u00e9gales.<\/p>\n\n\n\n<p>Ces derni\u00e8res sont accessibles sur le Site \u00e0 la rubrique \u00ab&nbsp;<strong>Mentions l\u00e9gales<\/strong>&nbsp;\u00bb.<\/p>\n\n\n\n<h3 class=\"wp-block-heading\">ARTICLE 1 \u2013 L\u2019EDITEUR<\/h3>\n\n\n\n<p>L\u2019\u00e9dition du Site est assur\u00e9e par omniserv 45 SASU au capital de 1000 euros, immatricul\u00e9e au Registre du Commerce et des Soci\u00e9t\u00e9s de ORLEANS sous le num\u00e9ro 924868326 dont le si\u00e8ge social est situ\u00e9 au 14 rue de la manufacture, 45160 OLIVET,<\/p>\n\n\n\n<p>Num\u00e9ro de t\u00e9l\u00e9phone 0682633005,<\/p>\n\n\n\n<p>Adresse e-mail : boris@omniserv45.com.<\/p>\n\n\n\n<p>N\u00b0 de TVA intracommunautaire : FR15924868326<\/p>\n\n\n\n<p>Le Directeur de la publication est Boris LAMY<\/p>\n\n\n\n<p>ci-apr\u00e8s l&rsquo;&nbsp;\u00bb<strong>Editeur<\/strong>\u00ab&nbsp;.<\/p>\n\n\n\n<h3 class=\"wp-block-heading\">ARTICLE 2 \u2013 L\u2019HEBERGEUR<\/h3>\n\n\n\n<p>L\u2019h\u00e9bergeur du Site est la soci\u00e9t\u00e9 OVH, dont le si\u00e8ge social est situ\u00e9 au 2 rue Kellermann \u2013 59100 Roubaix \u2013 France , av<strong>ec le num\u00e9ro de t\u00e9l\u00e9phone : 1007.<\/strong><\/p>\n\n\n\n<h3 class=\"wp-block-heading\">ARTICLE 3 \u2013 ACCES AU SITE<\/h3>\n\n\n\n<p>Le Site est accessible en tout endroit, 7j\/7, 24h\/24 sauf cas de force majeure, interruption programm\u00e9e ou non et pouvant d\u00e9coulant d\u2019une n\u00e9cessit\u00e9 de maintenance.<\/p>\n\n\n\n<p>En cas de modification, interruption ou suspension du Site, l\u2019Editeur ne saurait \u00eatre tenu responsable.<\/p>\n\n\n\n<h3 class=\"wp-block-heading\">ARTICLE 4 \u2013 COLLECTE DES DONNEES<\/h3>\n\n\n\n<p>Le site est exempt\u00e9 de d\u00e9claration \u00e0 la Commission Nationale Informatique et Libert\u00e9s (CNIL) dans la mesure o\u00f9 il ne collecte aucune donn\u00e9e concernant les utilisateurs.<\/p>\n\n\n\n<p>Toute utilisation, reproduction, diffusion, commercialisation, modification de toute ou partie du Site\ufeff, sans autorisation de l\u2019Editeur est prohib\u00e9e et pourra entra\u00eener des actions et poursuites judiciaires telles que notamment pr\u00e9vues par le Code de la propri\u00e9t\u00e9 intellectuelle et le Code civil.<\/p>\n","protected":false},"excerpt":{"rendered":"<p>En vigueur au 05\/07\/2024 Conform\u00e9ment aux dispositions des Articles 6-III et 19 de la Loi n\u00b02004-575 du 21 juin 2004 pour la Confiance dans l\u2019\u00e9conomie num\u00e9rique, dite L.C.E.N., il est port\u00e9 \u00e0 la connaissance des utilisateurs et visiteurs, ci-apr\u00e8s l\u00a0\u00bb\u00a0Utilisateur\u00ab\u00a0, du site serrurier-orleans-loiret.com , ci-apr\u00e8s le \u00ab\u00a0Site\u00ab\u00a0, les pr\u00e9sentes mentions l\u00e9gales. La connexion et la&hellip;&nbsp;<a href=\"https:\/\/www.serrurier-orleans-loiret.com\/index.php\/mentions-legales\/\" rel=\"bookmark\">Lire la suite &raquo;<span class=\"screen-reader-text\">Mentions l\u00e9gales<\/span><\/a><\/p>\n","protected":false},"author":1,"featured_media":0,"parent":0,"menu_order":0,"comment_status":"closed","ping_status":"closed","template":"","meta":{"neve_meta_sidebar":"","neve_meta_container":"","neve_meta_enable_content_width":"","neve_meta_content_width":0,"neve_meta_title_alignment":"","neve_meta_author_avatar":"","neve_post_elements_order":"","neve_meta_disable_header":"","neve_meta_disable_footer":"","neve_meta_disable_title":"","_themeisle_gutenberg_block_has_review":false,"footnotes":""},"class_list":["post-1100","page","type-page","status-publish","hentry"],"yoast_head":"<!-- This site is optimized with the Yoast SEO Premium plugin v23.0 (Yoast SEO v23.0) - https:\/\/yoast.com\/wordpress\/plugins\/seo\/ -->\n<title>Mentions l\u00e9gales - serrurier orleans<\/title>\n<meta name=\"robots\" content=\"index, follow, max-snippet:-1, max-image-preview:large, max-video-preview:-1\" \/>\n<link rel=\"canonical\" href=\"https:\/\/www.serrurier-orleans-loiret.com\/index.php\/mentions-legales\/\" \/>\n<meta property=\"og:locale\" content=\"fr_FR\" \/>\n<meta property=\"og:type\" content=\"article\" \/>\n<meta property=\"og:title\" content=\"Mentions l\u00e9gales\" \/>\n<meta property=\"og:description\" content=\"En vigueur au 05\/07\/2024 Conform\u00e9ment aux dispositions des Articles 6-III et 19 de la Loi n\u00b02004-575 du 21 juin 2004 pour la Confiance dans l\u2019\u00e9conomie num\u00e9rique, dite L.C.E.N., il est port\u00e9 \u00e0 la connaissance des utilisateurs et visiteurs, ci-apr\u00e8s l\u00a0\u00bb\u00a0Utilisateur\u00ab\u00a0, du site serrurier-orleans-loiret.com , ci-apr\u00e8s le \u00ab\u00a0Site\u00ab\u00a0, les pr\u00e9sentes mentions l\u00e9gales. La connexion et la&hellip;&nbsp;Lire la suite &raquo;Mentions l\u00e9gales\" \/>\n<meta property=\"og:url\" content=\"https:\/\/www.serrurier-orleans-loiret.com\/index.php\/mentions-legales\/\" \/>\n<meta property=\"og:site_name\" content=\"serrurier orleans\" \/>\n<meta property=\"article:modified_time\" content=\"2024-12-22T17:39:51+00:00\" \/>\n<meta name=\"twitter:card\" content=\"summary_large_image\" \/>\n<meta name=\"twitter:label1\" content=\"Dur\u00e9e de lecture estim\u00e9e\" \/>\n\t<meta name=\"twitter:data1\" content=\"2 minutes\" \/>\n<script type=\"application\/ld+json\" class=\"yoast-schema-graph\">{\"@context\":\"https:\/\/schema.org\",\"@graph\":[{\"@type\":\"WebPage\",\"@id\":\"https:\/\/www.serrurier-orleans-loiret.com\/index.php\/mentions-legales\/\",\"url\":\"https:\/\/www.serrurier-orleans-loiret.com\/index.php\/mentions-legales\/\",\"name\":\"Mentions l\u00e9gales - serrurier orleans\",\"isPartOf\":{\"@id\":\"http:\/\/www.serrurier-orleans-loiret.com\/#website\"},\"datePublished\":\"2024-12-22T17:10:12+00:00\",\"dateModified\":\"2024-12-22T17:39:51+00:00\",\"breadcrumb\":{\"@id\":\"https:\/\/www.serrurier-orleans-loiret.com\/index.php\/mentions-legales\/#breadcrumb\"},\"inLanguage\":\"fr-FR\",\"potentialAction\":[{\"@type\":\"ReadAction\",\"target\":[\"https:\/\/www.serrurier-orleans-loiret.com\/index.php\/mentions-legales\/\"]}]},{\"@type\":\"BreadcrumbList\",\"@id\":\"https:\/\/www.serrurier-orleans-loiret.com\/index.php\/mentions-legales\/#breadcrumb\",\"itemListElement\":[{\"@type\":\"ListItem\",\"position\":1,\"name\":\"Accueil\",\"item\":\"http:\/\/www.serrurier-orleans-loiret.com\/\"},{\"@type\":\"ListItem\",\"position\":2,\"name\":\"Mentions l\u00e9gales\"}]},{\"@type\":\"WebSite\",\"@id\":\"http:\/\/www.serrurier-orleans-loiret.com\/#website\",\"url\":\"http:\/\/www.serrurier-orleans-loiret.com\/\",\"name\":\"serrurier orleans\",\"description\":\"\",\"publisher\":{\"@id\":\"http:\/\/www.serrurier-orleans-loiret.com\/#organization\"},\"potentialAction\":[{\"@type\":\"SearchAction\",\"target\":{\"@type\":\"EntryPoint\",\"urlTemplate\":\"http:\/\/www.serrurier-orleans-loiret.com\/?s={search_term_string}\"},\"query-input\":\"required name=search_term_string\"}],\"inLanguage\":\"fr-FR\"},{\"@type\":\"Organization\",\"@id\":\"http:\/\/www.serrurier-orleans-loiret.com\/#organization\",\"name\":\"serrurier orleans\",\"url\":\"http:\/\/www.serrurier-orleans-loiret.com\/\",\"logo\":{\"@type\":\"ImageObject\",\"inLanguage\":\"fr-FR\",\"@id\":\"http:\/\/www.serrurier-orleans-loiret.com\/#\/schema\/logo\/image\/\",\"url\":\"http:\/\/www.serrurier-orleans-loiret.com\/wp-content\/uploads\/2024\/12\/logo-serr-orleans.png\",\"contentUrl\":\"http:\/\/www.serrurier-orleans-loiret.com\/wp-content\/uploads\/2024\/12\/logo-serr-orleans.png\",\"width\":545,\"height\":774,\"caption\":\"serrurier orleans\"},\"image\":{\"@id\":\"http:\/\/www.serrurier-orleans-loiret.com\/#\/schema\/logo\/image\/\"}}]}<\/script>\n<!-- \/ Yoast SEO Premium plugin. -->","yoast_head_json":{"title":"Mentions l\u00e9gales - serrurier orleans","robots":{"index":"index","follow":"follow","max-snippet":"max-snippet:-1","max-image-preview":"max-image-preview:large","max-video-preview":"max-video-preview:-1"},"canonical":"https:\/\/www.serrurier-orleans-loiret.com\/index.php\/mentions-legales\/","og_locale":"fr_FR","og_type":"article","og_title":"Mentions l\u00e9gales","og_description":"En vigueur au 05\/07\/2024 Conform\u00e9ment aux dispositions des Articles 6-III et 19 de la Loi n\u00b02004-575 du 21 juin 2004 pour la Confiance dans l\u2019\u00e9conomie num\u00e9rique, dite L.C.E.N., il est port\u00e9 \u00e0 la connaissance des utilisateurs et visiteurs, ci-apr\u00e8s l\u00a0\u00bb\u00a0Utilisateur\u00ab\u00a0, du site serrurier-orleans-loiret.com , ci-apr\u00e8s le \u00ab\u00a0Site\u00ab\u00a0, les pr\u00e9sentes mentions l\u00e9gales. La connexion et la&hellip;&nbsp;Lire la suite &raquo;Mentions l\u00e9gales","og_url":"https:\/\/www.serrurier-orleans-loiret.com\/index.php\/mentions-legales\/","og_site_name":"serrurier orleans","article_modified_time":"2024-12-22T17:39:51+00:00","twitter_card":"summary_large_image","twitter_misc":{"Dur\u00e9e de lecture estim\u00e9e":"2 minutes"},"schema":{"@context":"https:\/\/schema.org","@graph":[{"@type":"WebPage","@id":"https:\/\/www.serrurier-orleans-loiret.com\/index.php\/mentions-legales\/","url":"https:\/\/www.serrurier-orleans-loiret.com\/index.php\/mentions-legales\/","name":"Mentions l\u00e9gales - serrurier orleans","isPartOf":{"@id":"http:\/\/www.serrurier-orleans-loiret.com\/#website"},"datePublished":"2024-12-22T17:10:12+00:00","dateModified":"2024-12-22T17:39:51+00:00","breadcrumb":{"@id":"https:\/\/www.serrurier-orleans-loiret.com\/index.php\/mentions-legales\/#breadcrumb"},"inLanguage":"fr-FR","potentialAction":[{"@type":"ReadAction","target":["https:\/\/www.serrurier-orleans-loiret.com\/index.php\/mentions-legales\/"]}]},{"@type":"BreadcrumbList","@id":"https:\/\/www.serrurier-orleans-loiret.com\/index.php\/mentions-legales\/#breadcrumb","itemListElement":[{"@type":"ListItem","position":1,"name":"Accueil","item":"http:\/\/www.serrurier-orleans-loiret.com\/"},{"@type":"ListItem","position":2,"name":"Mentions l\u00e9gales"}]},{"@type":"WebSite","@id":"http:\/\/www.serrurier-orleans-loiret.com\/#website","url":"http:\/\/www.serrurier-orleans-loiret.com\/","name":"serrurier orleans","description":"","publisher":{"@id":"http:\/\/www.serrurier-orleans-loiret.com\/#organization"},"potentialAction":[{"@type":"SearchAction","target":{"@type":"EntryPoint","urlTemplate":"http:\/\/www.serrurier-orleans-loiret.com\/?s={search_term_string}"},"query-input":"required name=search_term_string"}],"inLanguage":"fr-FR"},{"@type":"Organization","@id":"http:\/\/www.serrurier-orleans-loiret.com\/#organization","name":"serrurier orleans","url":"http:\/\/www.serrurier-orleans-loiret.com\/","logo":{"@type":"ImageObject","inLanguage":"fr-FR","@id":"http:\/\/www.serrurier-orleans-loiret.com\/#\/schema\/logo\/image\/","url":"http:\/\/www.serrurier-orleans-loiret.com\/wp-content\/uploads\/2024\/12\/logo-serr-orleans.png","contentUrl":"http:\/\/www.serrurier-orleans-loiret.com\/wp-content\/uploads\/2024\/12\/logo-serr-orleans.png","width":545,"height":774,"caption":"serrurier orleans"},"image":{"@id":"http:\/\/www.serrurier-orleans-loiret.com\/#\/schema\/logo\/image\/"}}]}},"_links":{"self":[{"href":"https:\/\/www.serrurier-orleans-loiret.com\/index.php\/wp-json\/wp\/v2\/pages\/1100","targetHints":{"allow":["GET"]}}],"collection":[{"href":"https:\/\/www.serrurier-orleans-loiret.com\/index.php\/wp-json\/wp\/v2\/pages"}],"about":[{"href":"https:\/\/www.serrurier-orleans-loiret.com\/index.php\/wp-json\/wp\/v2\/types\/page"}],"author":[{"embeddable":true,"href":"https:\/\/www.serrurier-orleans-loiret.com\/index.php\/wp-json\/wp\/v2\/users\/1"}],"replies":[{"embeddable":true,"href":"https:\/\/www.serrurier-orleans-loiret.com\/index.php\/wp-json\/wp\/v2\/comments?post=1100"}],"version-history":[{"count":2,"href":"https:\/\/www.serrurier-orleans-loiret.com\/index.php\/wp-json\/wp\/v2\/pages\/1100\/revisions"}],"predecessor-version":[{"id":1111,"href":"https:\/\/www.serrurier-orleans-loiret.com\/index.php\/wp-json\/wp\/v2\/pages\/1100\/revisions\/1111"}],"wp:attachment":[{"href":"https:\/\/www.serrurier-orleans-loiret.com\/index.php\/wp-json\/wp\/v2\/media?parent=1100"}],"curies":[{"name":"wp","href":"https:\/\/api.w.org\/{rel}","templated":true}]}}